{"id":3045,"date":"2021-02-26T14:42:15","date_gmt":"2021-02-26T13:42:15","guid":{"rendered":"http:\/\/gbpgorzyce.pl\/?page_id=3045"},"modified":"2021-03-03T15:05:14","modified_gmt":"2021-03-03T14:05:14","slug":"misja-biblioteki","status":"publish","type":"page","link":"https:\/\/gbpgorzyce.pl\/?page_id=3045","title":{"rendered":"Misja Biblioteki"},"content":{"rendered":"\n<p class=\"has-normal-font-size\"><strong>Jeste\u015bmy blisko Ciebie i dla Ciebie.<\/strong><\/p>\n\n\n\n<p class=\"has-normal-font-size\">Biblioteka jest podstawow\u0105 instytucj\u0105 kultury w gminie, kt\u00f3rej celem jest \u015bwiadczenie us\u0142ug o warto\u015bciach kulturalnych, czytelniczo- o\u015bwiatowych i informacyjnych poprzez udost\u0119pnianie ksi\u0105\u017cki, promocj\u0119 czytelnictwa i dzia\u0142alno\u015b\u0107 informacyjn\u0105. Swoje cele realizuje poprzez takie dzia\u0142ania jak :<\/p>\n\n\n\n<ul class=\"wp-block-list\"><li>gromadzenie, opracowanie, przechowywanie i ochrona materia\u0142\u00f3w bibliotecznych,<\/li><li>udost\u0119pnianie zbior\u00f3w bibliotecznych na miejscu oraz wypo\u017cyczanie na zewn\u0105trz,<\/li><li>popularyzacja ksi\u0105\u017cki i czytelnictwa w \u015brodowisku lokalnym (spotkania autorskie, konkursy literackie i\u00a0plastyczne, lekcje biblioteczne, wycieczki do biblioteki) w\u015br\u00f3d doros\u0142ych, m\u0142odzie\u017cy i dzieci,<\/li><li>udost\u0119pnianie informacji potrzebnych do nauki i bie\u017c\u0105cych wiadomo\u015bci dotycz\u0105cych naszego regionu i\u00a0kraju,<\/li><li>zapewnienie mieszka\u0144com gminy dogodnego dost\u0119pu do materia\u0142\u00f3w bibliotecznych i ich udost\u0119pniania,<\/li><li>wsp\u00f3\u0142dzia\u0142anie z bibliotekami innych sieci, instytucjami i organizacjami w zakresie rozwijania czytelnictwa<\/li><\/ul>\n","protected":false},"excerpt":{"rendered":"<p>Jeste\u015bmy blisko Ciebie i dla Ciebie. Biblioteka jest podstawow\u0105 instytucj\u0105 kultury w gminie, kt\u00f3rej celem jest \u015bwiadczenie us\u0142ug o warto\u015bciach kulturalnych, czytelniczo- o\u015bwiatowych i informacyjnych poprzez udost\u0119pnianie ksi\u0105\u017cki, promocj\u0119 czytelnictwa i dzia\u0142alno\u015b\u0107 informacyjn\u0105. Swoje cele realizuje poprzez takie dzia\u0142ania jak : gromadzenie, opracowanie, przechowywanie i ochrona materia\u0142\u00f3w bibliotecznych, udost\u0119pnianie zbior\u00f3w bibliotecznych na miejscu oraz wypo\u017cyczanie [&hellip;]<\/p>\n","protected":false},"author":1,"featured_media":0,"parent":0,"menu_order":0,"comment_status":"closed","ping_status":"closed","template":"","meta":{"footnotes":""},"class_list":["post-3045","page","type-page","status-publish","hentry"],"_links":{"self":[{"href":"https:\/\/gbpgorzyce.pl\/index.php?rest_route=\/wp\/v2\/pages\/3045","targetHints":{"allow":["GET"]}}],"collection":[{"href":"https:\/\/gbpgorzyce.pl\/index.php?rest_route=\/wp\/v2\/pages"}],"about":[{"href":"https:\/\/gbpgorzyce.pl\/index.php?rest_route=\/wp\/v2\/types\/page"}],"author":[{"embeddable":true,"href":"https:\/\/gbpgorzyce.pl\/index.php?rest_route=\/wp\/v2\/users\/1"}],"replies":[{"embeddable":true,"href":"https:\/\/gbpgorzyce.pl\/index.php?rest_route=%2Fwp%2Fv2%2Fcomments&post=3045"}],"version-history":[{"count":2,"href":"https:\/\/gbpgorzyce.pl\/index.php?rest_route=\/wp\/v2\/pages\/3045\/revisions"}],"predecessor-version":[{"id":3126,"href":"https:\/\/gbpgorzyce.pl\/index.php?rest_route=\/wp\/v2\/pages\/3045\/revisions\/3126"}],"wp:attachment":[{"href":"https:\/\/gbpgorzyce.pl\/index.php?rest_route=%2Fwp%2Fv2%2Fmedia&parent=3045"}],"curies":[{"name":"wp","href":"https:\/\/api.w.org\/{rel}","templated":true}]}}