{"id":2887,"date":"2021-02-11T10:12:32","date_gmt":"2021-02-11T09:12:32","guid":{"rendered":"http:\/\/gbpgorzyce.pl\/?page_id=2887"},"modified":"2021-08-24T12:51:36","modified_gmt":"2021-08-24T10:51:36","slug":"polecane-przez-bibliotekarza","status":"publish","type":"page","link":"https:\/\/gbpgorzyce.pl\/?page_id=2887","title":{"rendered":"Polecane przez Bibliotekarza"},"content":{"rendered":"\n<p><\/p>\n\n\n\n<figure class=\"wp-block-embed is-type-wp-embed is-provider-tvl-telewizja-lokalna wp-block-embed-tvl-telewizja-lokalna\"><div class=\"wp-block-embed__wrapper\">\n<blockquote class=\"wp-embedded-content\" data-secret=\"p23JH2pLoB\"><a href=\"https:\/\/tvl.tarnobrzeg.pl\/2021\/07\/23\/2021-07-23-biblioteka-ksiazke-poleca-wiktoria\/\">2021.07.23 &#8211; BIBLIOTEKA KSI\u0104\u017bK\u0118 POLECA &#8211; &#8222;WIKTORIA&#8221;<\/a><\/blockquote><iframe loading=\"lazy\" class=\"wp-embedded-content\" sandbox=\"allow-scripts\" security=\"restricted\" style=\"position: absolute; clip: rect(1px, 1px, 1px, 1px);\" title=\"&#8222;2021.07.23 &#8211; BIBLIOTEKA KSI\u0104\u017bK\u0118 POLECA &#8211; &#8222;WIKTORIA&#8221;&#8221; &#8212; TVL Telewizja Lokalna\" src=\"https:\/\/tvl.tarnobrzeg.pl\/2021\/07\/23\/2021-07-23-biblioteka-ksiazke-poleca-wiktoria\/embed\/#?secret=p23JH2pLoB\" data-secret=\"p23JH2pLoB\" width=\"600\" height=\"338\" frameborder=\"0\" marginwidth=\"0\" marginheight=\"0\" scrolling=\"no\"><\/iframe>\n<\/div><\/figure>\n\n\n\n<figure class=\"wp-block-embed is-type-video is-provider-youtube wp-block-embed-youtube wp-embed-aspect-16-9 wp-has-aspect-ratio\"><div class=\"wp-block-embed__wrapper\">\n<iframe loading=\"lazy\" title=\"2021.07.16 - BIBLIOTEKA KSI\u0104\u017bK\u0118 POLECA - &quot;HISTORIA \u015aWIATA NA CZTERECH \u0141APACH&quot;\" width=\"1140\" height=\"641\" src=\"https:\/\/www.youtube.com\/embed\/IkG3haRrYxM?start=33&#038;feature=oembed\" frameborder=\"0\" allow=\"accelerometer; autoplay; clipboard-write; encrypted-media; gyroscope; picture-in-picture\" allowfullscreen><\/iframe>\n<\/div><\/figure>\n\n\n\n<figure class=\"wp-block-embed is-type-video is-provider-youtube wp-block-embed-youtube wp-embed-aspect-16-9 wp-has-aspect-ratio\"><div class=\"wp-block-embed__wrapper\">\n<iframe loading=\"lazy\" title=\"2021.07.09 - BIBLIOTEKA KSI\u0104\u017bK\u0118 POLECA - &quot;JASK\u00d3\u0141KI Z CZARNOBYLA&quot;\" width=\"1140\" height=\"641\" src=\"https:\/\/www.youtube.com\/embed\/YMpu7gAnPpM?feature=oembed\" frameborder=\"0\" allow=\"accelerometer; autoplay; clipboard-write; encrypted-media; gyroscope; picture-in-picture\" allowfullscreen><\/iframe>\n<\/div><\/figure>\n\n\n\n<figure class=\"wp-block-embed is-type-video is-provider-youtube wp-block-embed-youtube wp-embed-aspect-16-9 wp-has-aspect-ratio\"><div class=\"wp-block-embed__wrapper\">\n<iframe loading=\"lazy\" title=\"2021.07.02 - BIBLIOTEKA KSI\u0104\u017bK\u0118 POLECA - &quot;DZIEWCZYNA Z G\u00d3R&quot;\" width=\"1140\" height=\"641\" src=\"https:\/\/www.youtube.com\/embed\/d2Mbas_Ia4Q?start=21&#038;feature=oembed\" frameborder=\"0\" allow=\"accelerometer; autoplay; clipboard-write; encrypted-media; gyroscope; picture-in-picture\" allowfullscreen><\/iframe>\n<\/div><\/figure>\n\n\n\n<figure class=\"wp-block-embed is-type-video is-provider-youtube wp-block-embed-youtube wp-embed-aspect-16-9 wp-has-aspect-ratio\"><div class=\"wp-block-embed__wrapper\">\n<iframe loading=\"lazy\" title=\"&quot;Gambit kr\u00f3lowej&quot; Walter Tevis - recenzja Jolanty J\u00f3\u017awik\" width=\"1140\" height=\"641\" src=\"https:\/\/www.youtube.com\/embed\/zX7sbUJdoMs?feature=oembed\" frameborder=\"0\" allow=\"accelerometer; autoplay; clipboard-write; encrypted-media; gyroscope; picture-in-picture\" allowfullscreen><\/iframe>\n<\/div><\/figure>\n\n\n\n<figure class=\"wp-block-embed is-type-video is-provider-youtube wp-block-embed-youtube wp-embed-aspect-16-9 wp-has-aspect-ratio\"><div class=\"wp-block-embed__wrapper\">\n<iframe loading=\"lazy\" title=\"&quot;Humor w genach&quot; Hanna Zborowska z Kobuszewskich - recenzja Anny Per\u0142y\" width=\"1140\" height=\"641\" src=\"https:\/\/www.youtube.com\/embed\/Ldt7sqxswTY?feature=oembed\" frameborder=\"0\" allow=\"accelerometer; autoplay; clipboard-write; encrypted-media; gyroscope; picture-in-picture\" allowfullscreen><\/iframe>\n<\/div><\/figure>\n\n\n\n<figure class=\"wp-block-embed is-type-video is-provider-youtube wp-block-embed-youtube wp-embed-aspect-16-9 wp-has-aspect-ratio\"><div class=\"wp-block-embed__wrapper\">\n<iframe loading=\"lazy\" title=\"&quot;Kobiety z ulicy Grodzkiej&quot; Lucyna Olejniczak - recenzja Jolanty Zimol\u0105g\" width=\"1140\" height=\"641\" src=\"https:\/\/www.youtube.com\/embed\/1Vgra2KF0ns?feature=oembed\" frameborder=\"0\" allow=\"accelerometer; autoplay; clipboard-write; encrypted-media; gyroscope; picture-in-picture\" allowfullscreen><\/iframe>\n<\/div><\/figure>\n","protected":false},"excerpt":{"rendered":"","protected":false},"author":1,"featured_media":0,"parent":0,"menu_order":0,"comment_status":"closed","ping_status":"closed","template":"","meta":{"footnotes":""},"class_list":["post-2887","page","type-page","status-publish","hentry"],"_links":{"self":[{"href":"https:\/\/gbpgorzyce.pl\/index.php?rest_route=\/wp\/v2\/pages\/2887","targetHints":{"allow":["GET"]}}],"collection":[{"href":"https:\/\/gbpgorzyce.pl\/index.php?rest_route=\/wp\/v2\/pages"}],"about":[{"href":"https:\/\/gbpgorzyce.pl\/index.php?rest_route=\/wp\/v2\/types\/page"}],"author":[{"embeddable":true,"href":"https:\/\/gbpgorzyce.pl\/index.php?rest_route=\/wp\/v2\/users\/1"}],"replies":[{"embeddable":true,"href":"https:\/\/gbpgorzyce.pl\/index.php?rest_route=%2Fwp%2Fv2%2Fcomments&post=2887"}],"version-history":[{"count":9,"href":"https:\/\/gbpgorzyce.pl\/index.php?rest_route=\/wp\/v2\/pages\/2887\/revisions"}],"predecessor-version":[{"id":3658,"href":"https:\/\/gbpgorzyce.pl\/index.php?rest_route=\/wp\/v2\/pages\/2887\/revisions\/3658"}],"wp:attachment":[{"href":"https:\/\/gbpgorzyce.pl\/index.php?rest_route=%2Fwp%2Fv2%2Fmedia&parent=2887"}],"curies":[{"name":"wp","href":"https:\/\/api.w.org\/{rel}","templated":true}]}}