{"id":2865,"date":"2021-02-01T09:19:24","date_gmt":"2021-02-01T08:19:24","guid":{"rendered":"http:\/\/gbpgorzyce.pl\/?page_id=2865"},"modified":"2021-03-03T14:55:26","modified_gmt":"2021-03-03T13:55:26","slug":"deklaracja-dostepnosci","status":"publish","type":"page","link":"https:\/\/gbpgorzyce.pl\/?page_id=2865","title":{"rendered":"Deklaracja dost\u0119pno\u015bci"},"content":{"rendered":"\n<p class=\"has-normal-font-size\"><strong>Deklaracja dost\u0119pno\u015bci Gminnej Biblioteki Publicznej w Gorzycach<\/strong><\/p>\n\n\n\n<p>Gminna Biblioteka Publiczna w Gorzycach&nbsp;zobowi\u0105zuje si\u0119 zapewni\u0107 dost\u0119pno\u015b\u0107 swojej strony internetowej zgodnie z przepisami ustawy z dnia 4&nbsp;kwietnia 2019&nbsp;r. o&nbsp;dost\u0119pno\u015bci cyfrowej stron internetowych i&nbsp;aplikacji mobilnych podmiot\u00f3w publicznych. O\u015bwiadczenie w sprawie dost\u0119pno\u015bci ma zastosowanie do strony internetowej&nbsp;Gminnej Biblioteki Publicznej w Gorzycach.<\/p>\n\n\n\n<ul class=\"wp-block-list\"><li>Data publikacji strony internetowej:\u00a02021-03-01<\/li><li>Data ostatniej istotnej aktualizacji:\u00a02021-03-01<\/li><\/ul>\n\n\n\n<p class=\"has-normal-font-size\"><strong>Status pod wzgl\u0119dem zgodno\u015bci z ustaw\u0105<\/strong><\/p>\n\n\n\n<p class=\"has-text-align-left\">Strona internetowa jest\u00a0<strong> zgodna<\/strong>\u00a0z\u00a0ustaw\u0105 o\u00a0dost\u0119pno\u015bci cyfrowej stron internetowych i\u00a0aplikacji mobilnych podmiot\u00f3w publicznych z\u00a0powodu niezgodno\u015bci lub wy\u0142\u0105cze\u0144 wymienionych poni\u017cej.<\/p>\n\n\n\n<p><strong>Przygotowanie deklaracji w sprawie dost\u0119pno\u015bci<\/strong><\/p>\n\n\n\n<ul class=\"wp-block-list\"><li>Deklaracj\u0119 sporz\u0105dzono dnia:&nbsp;2021-02-22<\/li><li>Deklaracj\u0119 ostatnio poddano przegl\u0105dowi i aktualizacji dnia:&nbsp;2021-02-22<\/li><\/ul>\n\n\n\n<p>Deklaracj\u0119 sporz\u0105dzono na podstawie samooceny.<\/p>\n\n\n\n<p><strong>Informacje zwrotne i dane kontaktowe<\/strong><\/p>\n\n\n\n<ul class=\"wp-block-list\"><li>Za rozpatrywanie uwag i wniosk\u00f3w odpowiada:&nbsp;Mariola Stopi\u0144ska-Hara.<\/li><li>E-mail:&nbsp;<a href=\"mailto:promocja@gokgorzyce.pl\">gbp@gokgorzyce.pl<\/a><\/li><li>Telefon:&nbsp;504 928 022<\/li><\/ul>\n\n\n\n<p>Ka\u017cdy ma prawo:<\/p>\n\n\n\n<ul class=\"wp-block-list\"><li>zg\u0142osi\u0107 uwagi dotycz\u0105ce dost\u0119pno\u015bci cyfrowej strony lub jej elementu,<\/li><li>zg\u0142osi\u0107 \u017c\u0105danie zapewnienia dost\u0119pno\u015bci cyfrowej strony lub jej elementu,<\/li><li>wnioskowa\u0107 o udost\u0119pnienie niedost\u0119pnej informacji w innej alternatywnej formie.<\/li><\/ul>\n\n\n\n<p>\u017b\u0105danie musi zawiera\u0107:<\/p>\n\n\n\n<ul class=\"wp-block-list\"><li>dane kontaktowe osoby zg\u0142aszaj\u0105cej,<\/li><li>wskazanie strony lub elementu strony, kt\u00f3rej dotyczy \u017c\u0105danie,<\/li><li>wskazanie dogodnej formy udost\u0119pnienia informacji, je\u015bli \u017c\u0105danie dotyczy udost\u0119pnienia w formie alternatywnej informacji niedost\u0119pnej.<\/li><\/ul>\n\n\n\n<p>Rozpatrzenie zg\u0142oszenia powinno nast\u0105pi\u0107 niezw\u0142ocznie, najp\u00f3\u017aniej w ci\u0105gu 7 dni. Je\u015bli w tym terminie zapewnienie dost\u0119pno\u015bci albo zapewnienie dost\u0119pu w alternatywnej formie nie jest mo\u017cliwe, powinno nast\u0105pi\u0107 najdalej w ci\u0105gu 2 miesi\u0119cy od daty zg\u0142oszenia.<\/p>\n\n\n\n<p><strong>Skargi i odwo\u0142ania<\/strong><\/p>\n\n\n\n<p>Na niedotrzymanie tych termin\u00f3w oraz na odmow\u0119 realizacji \u017c\u0105dania mo\u017cna z\u0142o\u017cy\u0107 skarg\u0119 do organu nadzoruj\u0105cego poczt\u0105 lub drog\u0105 elektroniczn\u0105 na adres:<\/p>\n\n\n\n<ul class=\"wp-block-list\"><li>Organ nadzoruj\u0105cy: Dyrektor Gminnego O\u015brodka Kultury w Gorzycach<\/li><li>Adres: Plac Erazma Mieszcza\u0144skiego 10; 39-432 Gorzyce<\/li><li>E-mail:&nbsp;<a href=\"mailto:gok@gokgorzyce.pl\">gok@gokgorzyce.pl<\/a><\/li><li>Telefon: +48 15&nbsp;836 21 31<\/li><\/ul>\n\n\n\n<p>Skarg\u0119 mo\u017cna z\u0142o\u017cy\u0107 r\u00f3wnie\u017c do&nbsp;<a href=\"https:\/\/www.rpo.gov.pl\/content\/jak-zglosic-sie-do-rzecznika-praw-obywatelskich\">Rzecznika Praw Obywatelskich<\/a><\/p>\n\n\n\n<ul class=\"wp-block-list\"><li>Organ nadzoruj\u0105cy: Rzecznik Praw Obywatelskich<\/li><li>Adres: Biuro Rzecznika Praw Obywatelskich<br>al. Solidarno\u015bci 77<br>00-090 Warszawa<\/li><li>E-mail: biurorzecznika@brpo.gov.pl<\/li><li>Telefon: 800676676<\/li><\/ul>\n\n\n\n<p><strong>Dost\u0119pno\u015b\u0107 architektoniczna<\/strong><\/p>\n\n\n\n<p style=\"font-size:15px\"><strong>1. Budynek: Gminna Biblioteka Publiczna w Gorzycach. Plac Erazma Mieszcza\u0144skiego 8 39-432 Gorzyce<\/strong><\/p>\n\n\n\n<ul class=\"wp-block-list\"><li>Do budynku prowadzi g\u0142\u00f3wne wej\u015bcie od strony ul. Plac Erazma Mieszcza\u0144skiego<\/li><li>Do budynku prowadzi jedno wej\u015bcie.<\/li><li>Nad&nbsp;wej\u015bciem nie&nbsp;ma g\u0142o\u015bnik\u00f3w systemu naprowadzaj\u0105cego d\u017awi\u0119kowo osoby niewidome i&nbsp;s\u0142abowidz\u0105ce.<\/li><li>Budynek nie ma specjalnego wej\u015bcia, ani pochylni dostosowanej do potrzeb os\u00f3b z niepe\u0142nosprawno\u015bciami.<\/li><li>Wej\u015bcie nie&nbsp;jest zabezpieczone bramkami.<\/li><li>Przed&nbsp;budynkiem&nbsp;nie ma miejsc&nbsp;parkingowych dla os\u00f3b niepe\u0142nosprawnych.<\/li><li>W&nbsp;budynku nie ma &nbsp;windy.<\/li><li>Toaleta nie jest &nbsp;dostosowana dla os\u00f3b niepe\u0142nosprawnych.<\/li><li>Do&nbsp;budynku i&nbsp;wszystkich jego pomieszcze\u0144 mo\u017cna wej\u015b\u0107 z&nbsp;psem asystuj\u0105cym i&nbsp;psem przewodnikiem.<\/li><li>W przypadku niemo\u017cno\u015bci dotarcia interesanta do pomieszcze\u0144 Gminnej Biblioteki Publicznej znajduj\u0105cych si\u0119 tak na parterze jak i na pi\u0119trze, istnieje mo\u017cliwo\u015b\u0107 zej\u015bcia pracownika i obs\u0142ugi interesanta w dogodny dla niego spos\u00f3b.<\/li><li>W&nbsp;budynku nie&nbsp;ma oznacze\u0144 w&nbsp;alfabecie brajla ani oznacze\u0144 kontrastowych lub w&nbsp;druku powi\u0119kszonym dla os\u00f3b niewidomych i&nbsp;s\u0142abowidz\u0105cych.<\/li><li>Brak mo\u017cliwo\u015bci skorzystania z&nbsp;bezp\u0142atnych us\u0142ug t\u0142umacza migowego.<\/li><\/ul>\n\n\n\n<p style=\"font-size:15px\"><strong>2. Budynek: Gminna Biblioteka Publiczna w Gorzycach \u2013 Filia w Sokolnikach . Sokolniki ul. Sandomierska 84 39-432 Gorzyce .<\/strong><\/p>\n\n\n\n<ul class=\"wp-block-list\"><li>Do budynku prowadz\u0105 dwa wej\u015bcia od strony ulicy Sandomierskiej, w tym jedno tylko dla pracownik\u00f3w, drugie g\u0142\u00f3wne dla wszystkich.<\/li><li>Do&nbsp;wej\u015bcia prowadz\u0105 schody i&nbsp;podjazd (zlokalizowany z boku budynku).<\/li><li>Nad&nbsp;wej\u015bciem nie&nbsp;ma g\u0142o\u015bnik\u00f3w systemu naprowadzaj\u0105cego d\u017awi\u0119kowo osoby niewidome i&nbsp;s\u0142abowidz\u0105ce.<\/li><li>Wej\u015bcie nie&nbsp;jest zabezpieczone bramkami.<\/li><li>Biblioteka znajduje si\u0119 na pierwszym pi\u0119trze.<\/li><li>W budynku nie ma toalety&nbsp;dla os\u00f3b niepe\u0142nosprawnych.<\/li><li>Przed&nbsp;budynkiem&nbsp;nie ma miejsc&nbsp;parkingowych dla os\u00f3b niepe\u0142nosprawnych.<\/li><li>Do&nbsp;budynku i&nbsp;wszystkich jego pomieszcze\u0144 mo\u017cna wej\u015b\u0107 z&nbsp;psem asystuj\u0105cym i&nbsp;psem przewodnikiem.<\/li><li>Osoby, dla kt\u00f3rych pokonanie schod\u00f3w nie jest mo\u017cliwe, mog\u0105 skontaktowa\u0107 si\u0119&nbsp; z pracownikiem pod nr tel.&nbsp;15&nbsp;836 35 48 lub&nbsp; skorzysta\u0107 z dzwonka mieszcz\u0105cego si\u0119 na pierwszym poziomie w holu. Dzwonek umieszczony jest po lewej stronie drzwi prowadz\u0105cych na korytarz ze schodami do biblioteki na wysoko\u015bci 120 cm od pod\u0142ogi. Pracownik zniesie na d\u00f3\u0142 potrzebne ksi\u0105\u017cki lub zbiory specjalne.<\/li><li>W&nbsp;budynku nie&nbsp;ma oznacze\u0144 w&nbsp;alfabecie brajla ani oznacze\u0144 kontrastowych lub w&nbsp;druku powi\u0119kszonym dla os\u00f3b niewidomych i&nbsp;s\u0142abowidz\u0105cych.<\/li><li>Brak mo\u017cliwo\u015b\u0107 skorzystania z&nbsp;bezp\u0142atnych us\u0142ug t\u0142umacza migowego.<\/li><\/ul>\n\n\n\n<p style=\"font-size:15px\"><strong>3. Budynek: Gminna Biblioteka Publiczna w Gorzycach \u2013 Filia w Trze\u015bni . Trze\u015b\u0144 ul. \u015aw. Floriana 16&nbsp; 39-432 Gorzyce<\/strong><\/p>\n\n\n\n<ul class=\"wp-block-list\"><li>Do budynku prowadzi jedno wej\u015bcie, natomiast na plac budynku, w kt\u00f3rym znajduje si\u0119 &nbsp;biblioteka mo\u017cna wej\u015b\u0107 od ulicy \u015bw. Floriana i ulicy Bazarowej.<\/li><li>Budynek nie ma specjalnego wej\u015bcia, ani pochylni dostosowanej do potrzeb os\u00f3b z niepe\u0142nosprawno\u015bciami.<\/li><li>Nad wej\u015bciami nie ma g\u0142o\u015bnik\u00f3w systemu naprowadzaj\u0105cego d\u017awi\u0119kowo osoby niewidome i s\u0142abowidz\u0105ce.<\/li><li>Przy budynku nie ma miejsc parkingowych dla os\u00f3b niepe\u0142nosprawnych.<\/li><li>W przypadku niemo\u017cno\u015bci dotarcia interesanta do pomieszcze\u0144 Biblioteki istnieje mo\u017cliwo\u015b\u0107 zej\u015bcia pracownika i obs\u0142ugi interesanta w dogodny dla niego spos\u00f3b.<\/li><li>Do&nbsp;budynku mo\u017cna wej\u015b\u0107 z&nbsp;psem asystuj\u0105cym i&nbsp;psem przewodnikiem.<\/li><li>W&nbsp;budynku nie&nbsp;ma oznacze\u0144 w&nbsp;alfabecie brajla ani oznacze\u0144 kontrastowych lub w&nbsp;druku powi\u0119kszonym dla os\u00f3b niewidomych i&nbsp;s\u0142abowidz\u0105cych.<\/li><li>Brak mo\u017cliwo\u015b\u0107 skorzystania z&nbsp;bezp\u0142atnych us\u0142ug t\u0142umacza migowego.<\/li><\/ul>\n\n\n\n<p style=\"font-size:15px\"><strong>4. Budynek: Gminna Biblioteka Publiczna w Gorzycach \u2013 Filia we Wrzawach. &nbsp;Wrzawy 486 39-432 Gorzyce<\/strong><\/p>\n\n\n\n<ul class=\"wp-block-list\"><li>Do budynku prowadzi jedno wej\u015bcie.&nbsp;<\/li><li>Do&nbsp;wej\u015bcia prowadz\u0105 schody i&nbsp;podjazd (zlokalizowany z boku budynku).<\/li><li>Nad wej\u015bciem nie ma g\u0142o\u015bnik\u00f3w systemu naprowadzaj\u0105cego d\u017awi\u0119kowo osoby niewidome i s\u0142abowidz\u0105ce.<\/li><li>Budynek ma dost\u0119p dla os\u00f3b na&nbsp;w\u00f3zkach.<\/li><li>Biblioteka znajduje si\u0119 na parterze budynku.<\/li><li>W budynku s\u0105 toalety dla os\u00f3b niepe\u0142nosprawnych.<\/li><li>Przed budynkiem jest wyznaczone miejsca parkingowe dla os\u00f3b niepe\u0142nosprawnych.<\/li><li>Do&nbsp;budynku i&nbsp;wszystkich jego pomieszcze\u0144 mo\u017cna wej\u015b\u0107 z&nbsp;psem asystuj\u0105cym i&nbsp;psem przewodnikiem.<\/li><li>W&nbsp;budynku nie&nbsp;ma oznacze\u0144 w&nbsp;alfabecie brajla ani oznacze\u0144 kontrastowych lub w&nbsp;druku powi\u0119kszonym dla os\u00f3b niewidomych i&nbsp;s\u0142abowidz\u0105cych.<\/li><li>Brak mo\u017cliwo\u015b\u0107 skorzystania z&nbsp;bezp\u0142atnych us\u0142ug t\u0142umacza migowego.<\/li><\/ul>\n","protected":false},"excerpt":{"rendered":"<p>Deklaracja dost\u0119pno\u015bci Gminnej Biblioteki Publicznej w Gorzycach Gminna Biblioteka Publiczna w Gorzycach&nbsp;zobowi\u0105zuje si\u0119 zapewni\u0107 dost\u0119pno\u015b\u0107 swojej strony internetowej zgodnie z przepisami ustawy z dnia 4&nbsp;kwietnia 2019&nbsp;r. o&nbsp;dost\u0119pno\u015bci cyfrowej stron internetowych i&nbsp;aplikacji mobilnych podmiot\u00f3w publicznych. O\u015bwiadczenie w sprawie dost\u0119pno\u015bci ma zastosowanie do strony internetowej&nbsp;Gminnej Biblioteki Publicznej w Gorzycach. Data publikacji strony internetowej:\u00a02021-03-01 Data ostatniej istotnej aktualizacji:\u00a02021-03-01 [&hellip;]<\/p>\n","protected":false},"author":1,"featured_media":0,"parent":0,"menu_order":0,"comment_status":"closed","ping_status":"closed","template":"","meta":{"footnotes":""},"class_list":["post-2865","page","type-page","status-publish","hentry"],"_links":{"self":[{"href":"https:\/\/gbpgorzyce.pl\/index.php?rest_route=\/wp\/v2\/pages\/2865","targetHints":{"allow":["GET"]}}],"collection":[{"href":"https:\/\/gbpgorzyce.pl\/index.php?rest_route=\/wp\/v2\/pages"}],"about":[{"href":"https:\/\/gbpgorzyce.pl\/index.php?rest_route=\/wp\/v2\/types\/page"}],"author":[{"embeddable":true,"href":"https:\/\/gbpgorzyce.pl\/index.php?rest_route=\/wp\/v2\/users\/1"}],"replies":[{"embeddable":true,"href":"https:\/\/gbpgorzyce.pl\/index.php?rest_route=%2Fwp%2Fv2%2Fcomments&post=2865"}],"version-history":[{"count":6,"href":"https:\/\/gbpgorzyce.pl\/index.php?rest_route=\/wp\/v2\/pages\/2865\/revisions"}],"predecessor-version":[{"id":3138,"href":"https:\/\/gbpgorzyce.pl\/index.php?rest_route=\/wp\/v2\/pages\/2865\/revisions\/3138"}],"wp:attachment":[{"href":"https:\/\/gbpgorzyce.pl\/index.php?rest_route=%2Fwp%2Fv2%2Fmedia&parent=2865"}],"curies":[{"name":"wp","href":"https:\/\/api.w.org\/{rel}","templated":true}]}}