{"id":2863,"date":"2021-02-01T09:19:04","date_gmt":"2021-02-01T08:19:04","guid":{"rendered":"http:\/\/gbpgorzyce.pl\/?page_id=2863"},"modified":"2021-03-03T15:07:52","modified_gmt":"2021-03-03T14:07:52","slug":"procedury-bezpieczenstwa","status":"publish","type":"page","link":"https:\/\/gbpgorzyce.pl\/?page_id=2863","title":{"rendered":"Procedury bezpiecze\u0144stwa"},"content":{"rendered":"\n<p style=\"font-size:18px\"><strong>Zasady funkcjonowania Biblioteki&nbsp; w czasie trwania epidemii Covid-19<\/strong><\/p>\n\n\n\n<p><strong>Jak zachowa\u0107 si\u0119 w Bibliotece?<\/strong><\/p>\n\n\n\n<ul class=\"wp-block-list\"><li>Czytelnicy b\u0119d\u0105 przyjmowani pojedynczo.<\/li><li>Przychodz\u0105c do Biblioteki musisz mie\u0107 maseczk\u0119 i r\u0119kawiczki.<\/li><li>Przed oddaniem ksi\u0105\u017cki zdezynfekuj r\u0119ce p\u0142ynem znajduj\u0105cym si\u0119 w dozowniku w korytarzu Biblioteki.<\/li><li>Czytelnicy b\u0119d\u0105 obs\u0142ugiwanie w drzwiach Biblioteki.<\/li><li>Zwr\u00f3cone ksi\u0105\u017cki od razu b\u0119d\u0105 poddawane kwarantannie.<\/li><li>Prosimy o telefoniczne, 504&nbsp;928&nbsp;022 i (15) 836 27 53 lub poprzez katalog biblioteki <a href=\"http:\/\/www.szukamksi\u0105\u017cki.pl\">www.szukamksi\u0105\u017cki.pl<\/a>, zamawianie ksi\u0105\u017cek.<\/li><li>Wybrane przez Pa\u0144stwa ksi\u0105\u017cki b\u0119d\u0105 do odebrania w dniu nast\u0119pnym.<\/li><li>Przy wyborze prosimy o korzystanie z naszych katalog\u00f3w on-line dost\u0119pnych na <a href=\"http:\/\/www.szukamksi\u0105\u017cki.pl\">www.szukamksi\u0105\u017cki.pl<\/a><\/li><li>Pami\u0119tajmy o tym, \u017ceby zadba\u0107 o bezpiecze\u0144stwo swoje i innych.<\/li><\/ul>\n\n\n\n<div class=\"wp-block-file\"><a href=\"https:\/\/gbpgorzyce.pl\/wp-content\/uploads\/2021\/02\/Epidemia-Zalacznik-nr-1-do-Zarzadzenia-nr1.docx\">Epidemia-Zalacznik-nr-1-do-Zarzadzenia-nr1<\/a><a href=\"https:\/\/gbpgorzyce.pl\/wp-content\/uploads\/2021\/02\/Epidemia-Zalacznik-nr-1-do-Zarzadzenia-nr1.docx\" class=\"wp-block-file__button\" download>Pobierz<\/a><\/div>\n\n\n\n<p><\/p>\n","protected":false},"excerpt":{"rendered":"<p>Zasady funkcjonowania Biblioteki&nbsp; w czasie trwania epidemii Covid-19 Jak zachowa\u0107 si\u0119 w Bibliotece? Czytelnicy b\u0119d\u0105 przyjmowani pojedynczo. Przychodz\u0105c do Biblioteki musisz mie\u0107 maseczk\u0119 i r\u0119kawiczki. Przed oddaniem ksi\u0105\u017cki zdezynfekuj r\u0119ce p\u0142ynem znajduj\u0105cym si\u0119 w dozowniku w korytarzu Biblioteki. Czytelnicy b\u0119d\u0105 obs\u0142ugiwanie w drzwiach Biblioteki. Zwr\u00f3cone ksi\u0105\u017cki od razu b\u0119d\u0105 poddawane kwarantannie. Prosimy o telefoniczne, 504&nbsp;928&nbsp;022 [&hellip;]<\/p>\n","protected":false},"author":1,"featured_media":0,"parent":0,"menu_order":0,"comment_status":"closed","ping_status":"closed","template":"","meta":{"footnotes":""},"class_list":["post-2863","page","type-page","status-publish","hentry"],"_links":{"self":[{"href":"https:\/\/gbpgorzyce.pl\/index.php?rest_route=\/wp\/v2\/pages\/2863","targetHints":{"allow":["GET"]}}],"collection":[{"href":"https:\/\/gbpgorzyce.pl\/index.php?rest_route=\/wp\/v2\/pages"}],"about":[{"href":"https:\/\/gbpgorzyce.pl\/index.php?rest_route=\/wp\/v2\/types\/page"}],"author":[{"embeddable":true,"href":"https:\/\/gbpgorzyce.pl\/index.php?rest_route=\/wp\/v2\/users\/1"}],"replies":[{"embeddable":true,"href":"https:\/\/gbpgorzyce.pl\/index.php?rest_route=%2Fwp%2Fv2%2Fcomments&post=2863"}],"version-history":[{"count":4,"href":"https:\/\/gbpgorzyce.pl\/index.php?rest_route=\/wp\/v2\/pages\/2863\/revisions"}],"predecessor-version":[{"id":3128,"href":"https:\/\/gbpgorzyce.pl\/index.php?rest_route=\/wp\/v2\/pages\/2863\/revisions\/3128"}],"wp:attachment":[{"href":"https:\/\/gbpgorzyce.pl\/index.php?rest_route=%2Fwp%2Fv2%2Fmedia&parent=2863"}],"curies":[{"name":"wp","href":"https:\/\/api.w.org\/{rel}","templated":true}]}}