{"id":2724,"date":"2021-01-21T20:53:00","date_gmt":"2021-01-21T19:53:00","guid":{"rendered":"http:\/\/gbpgorzyce.pl\/?page_id=2724"},"modified":"2021-02-26T15:16:49","modified_gmt":"2021-02-26T14:16:49","slug":"kontakt","status":"publish","type":"page","link":"https:\/\/gbpgorzyce.pl\/?page_id=2724","title":{"rendered":"Kontakt"},"content":{"rendered":"\n<p><strong>Gminna Biblioteka Publiczna w Gorzycach<\/strong><br>Plac Erazma Mieszcza\u0144skiego 8<br>39-432 Gorzyce<br>tel. (15) 836 27 53<br>kom. 504 928 022<br>Kierownik GBP Gorzyce <a href=\"mailto:gbp@gokgorzyce.pl\">gbp@gokgorzyce.pl<\/a><br>Wypo\u017cyczalnia dla Doros\u0142ych <a href=\"mailto:dorosligbp@gokgorzyce.pl\">dorosligbp@gokgorzyce.pl<\/a><br>Wypo\u017cyczalnia dla Dzieci <a href=\"mailto:dziecigbp@gokgorzyce.pl\">dziecigbp@gokgorzyce.pl<\/a><\/p>\n\n\n\n<p><iframe loading=\"lazy\" src=\"https:\/\/www.google.com\/maps\/embed?pb=!1m18!1m12!1m3!1d1264.669748967611!2d21.839029876235713!3d50.65795682189308!2m3!1f0!2f0!3f0!3m2!1i1024!2i768!4f13.1!3m3!1m2!1s0x4722cb7452c172d5%3A0x69be4935c21ebf65!2sGminna%20Biblioteka%20Publiczna!5e0!3m2!1spl!2spl!4v1613035759659!5m2!1spl!2spl\" style=\"border:0;\" allowfullscreen=\"\" aria-hidden=\"false\" tabindex=\"0\" width=\"600\" height=\"450\" frameborder=\"0\"><\/iframe><\/p>\n","protected":false},"excerpt":{"rendered":"<p>Gminna Biblioteka Publiczna w GorzycachPlac Erazma Mieszcza\u0144skiego 839-432 Gorzycetel. (15) 836 27 53kom. 504 928 022Kierownik GBP Gorzyce gbp@gokgorzyce.plWypo\u017cyczalnia dla Doros\u0142ych dorosligbp@gokgorzyce.plWypo\u017cyczalnia dla Dzieci dziecigbp@gokgorzyce.pl<\/p>\n","protected":false},"author":1,"featured_media":0,"parent":0,"menu_order":0,"comment_status":"closed","ping_status":"closed","template":"","meta":{"footnotes":""},"class_list":["post-2724","page","type-page","status-publish","hentry"],"_links":{"self":[{"href":"https:\/\/gbpgorzyce.pl\/index.php?rest_route=\/wp\/v2\/pages\/2724","targetHints":{"allow":["GET"]}}],"collection":[{"href":"https:\/\/gbpgorzyce.pl\/index.php?rest_route=\/wp\/v2\/pages"}],"about":[{"href":"https:\/\/gbpgorzyce.pl\/index.php?rest_route=\/wp\/v2\/types\/page"}],"author":[{"embeddable":true,"href":"https:\/\/gbpgorzyce.pl\/index.php?rest_route=\/wp\/v2\/users\/1"}],"replies":[{"embeddable":true,"href":"https:\/\/gbpgorzyce.pl\/index.php?rest_route=%2Fwp%2Fv2%2Fcomments&post=2724"}],"version-history":[{"count":11,"href":"https:\/\/gbpgorzyce.pl\/index.php?rest_route=\/wp\/v2\/pages\/2724\/revisions"}],"predecessor-version":[{"id":3053,"href":"https:\/\/gbpgorzyce.pl\/index.php?rest_route=\/wp\/v2\/pages\/2724\/revisions\/3053"}],"wp:attachment":[{"href":"https:\/\/gbpgorzyce.pl\/index.php?rest_route=%2Fwp%2Fv2%2Fmedia&parent=2724"}],"curies":[{"name":"wp","href":"https:\/\/api.w.org\/{rel}","templated":true}]}}